{"id":82,"date":"2022-02-10T09:28:16","date_gmt":"2022-02-10T09:28:16","guid":{"rendered":"https:\/\/www.adriatec.com\/?page_id=82"},"modified":"2022-02-13T16:17:14","modified_gmt":"2022-02-13T16:17:14","slug":"adriatec-2","status":"publish","type":"page","link":"https:\/\/www.adriatec.com\/","title":{"rendered":""},"content":{"rendered":"\n<div class=\"wp-block-image\"><figure class=\"aligncenter size-large is-resized\"><img loading=\"lazy\" decoding=\"async\" src=\"https:\/\/www.adriatec.com\/wp-content\/uploads\/2022\/02\/Senza-titolo-3-1024x684.jpg\" alt=\"\" class=\"wp-image-180\" width=\"768\" height=\"513\" srcset=\"https:\/\/www.adriatec.com\/wp-content\/uploads\/2022\/02\/Senza-titolo-3-1024x684.jpg 1024w, https:\/\/www.adriatec.com\/wp-content\/uploads\/2022\/02\/Senza-titolo-3-300x200.jpg 300w, https:\/\/www.adriatec.com\/wp-content\/uploads\/2022\/02\/Senza-titolo-3-768x513.jpg 768w, https:\/\/www.adriatec.com\/wp-content\/uploads\/2022\/02\/Senza-titolo-3-1536x1026.jpg 1536w, https:\/\/www.adriatec.com\/wp-content\/uploads\/2022\/02\/Senza-titolo-3-2048x1368.jpg 2048w\" sizes=\"auto, (max-width: 768px) 100vw, 768px\" \/><\/figure><\/div>\n\n\n\n<h2 class=\"alignfull has-text-align-center has-text-color wp-block-heading\" id=\"progettazione-e-consulenza-per-impianti-di-refrigerazione-industriale\" style=\"color:#094b92;font-size:30px\">Progettazione e Consulenza per impianti di refrigerazione industriale<\/h2>\n\n\n\n<div style=\"height:15px\" aria-hidden=\"true\" class=\"wp-block-spacer\"><\/div>\n\n\n\n<h1 class=\"alignfull has-text-align-center has-white-color has-text-color has-background wp-block-heading\" id=\"chi-siamo-1\" style=\"background-color:#001d3b;font-size:40px\">CHI SIAMO<\/h1>\n\n\n\n<div style=\"height:15px\" aria-hidden=\"true\" class=\"wp-block-spacer\"><\/div>\n\n\n\n<div class=\"wp-block-group alignwide has-text-color\" style=\"color:#094b92\"><div class=\"wp-block-group__inner-container is-layout-flow wp-block-group-is-layout-flow\">\n<p class=\"has-text-align-left\">La nostra azienda nasce con il principale obiettivo di fornire un servizio specialistico alle aziende utenti di impianti industriali (in particolare di refrigerazione).<\/p>\n\n\n\n<p>Il nostro servizio di \u201c outsourcing \u201d specialistico \u00e8 rivolto a soddisfare le esigenze di dinamicit\u00e0 e flessibilit\u00e0&nbsp; delle aziende produttrici moderne.<\/p>\n\n\n\n<p>La nostra attivit\u00e0 ha come fondamenta un bagaglio di esperienze ultradecennale nel settore del trattamento termico dei prodotti alimentari.<\/p>\n\n\n\n<p>Per esperienza intendiamo tutto cio\u2019 che e\u2019 compreso tra l\u2019acquisizione delle informazioni sul prodotto da raffreddare e\/o surgelare ed il collaudo dell\u2019impianto risultante, ivi comprese le problematiche della gestione.<\/p>\n\n\n\n<p>Nello studio delle soluzioni impiantistiche dedichiamo una particolare attenzione ai&nbsp;costi energetici ed al loro contenimento in rapporto alla produttivita\u2019 richiesta.<\/p>\n\n\n\n<p>I servizi da noi offerti prevedono&nbsp; schemi impiantistici gia\u2019 collaudati nel tempo e quindi di indubbia qualita\u2019 ed affidabilita\u2019, questo sia nel settore agro-alimentare (carne, pesce, ortofrutta etc.) che nel settore industriale in genere.<\/p>\n\n\n\n<p>Gli impianti frigoriferi ad ammoniaca, con tutte le loro applicazioni ed implicazioni, sono quelli per i quali siamo&nbsp; maggiormente&nbsp; strutturati. la nostra conoscenza e operativita\u2019&nbsp; si estende&nbsp; comunque a tutte le tipologie d\u2019impianti di refrigerazione ivi compresi quelli&nbsp; di tipo commerciale.<\/p>\n\n\n\n<p>La conoscenza approfondita dei componenti comunemente utilizzati negli impianti ci permette di proporci come supporto esterno ai vostri&nbsp; settori aziendali di gestione e manutenzione anche per diagnostiche specifiche e per il reperimento dei ricambi.<\/p>\n<\/div><\/div>\n\n\n\n<div style=\"height:15px\" aria-hidden=\"true\" class=\"wp-block-spacer\"><\/div>\n\n\n\n<h1 class=\"alignfull has-text-align-center has-white-color has-text-color has-background wp-block-heading\" id=\"cosa-facciamo\" style=\"background-color:#001d3b;font-size:40px\">COSA FACCIAMO<\/h1>\n\n\n\n<div style=\"height:15px\" aria-hidden=\"true\" class=\"wp-block-spacer\"><\/div>\n\n\n\n<div class=\"wp-block-group alignwide has-text-color\" style=\"color:#094b92\"><div class=\"wp-block-group__inner-container is-layout-flow wp-block-group-is-layout-flow\">\n<p>Sviluppo dell\u2019idea.<\/p>\n\n\n\n<p>Studio di fattibilita\u2019 tecnico-economica.<\/p>\n\n\n\n<p>Schemi di flusso ed ottimizzazione del lay-out.<\/p>\n\n\n\n<p>Definizione degli spazi.<\/p>\n\n\n\n<p>Coordinamento delle problematiche di produzione e sicurezza.<\/p>\n\n\n\n<p>Progettazione esecutiva di tutte le macchine e gli impianti qui di seguito elencati:<\/p>\n\n\n\n<ul class=\"wp-block-list\"><li>frigorifero a ammoniaca, CO2, freon<\/li><li>frigorifero a glicole+amm.(o freon )<\/li><li>produzione d\u2019acqua gelida<\/li><li>produzione di ghiaccio<\/li><li>di vuoto<\/li><li>vacuum\/vacuum coolers<\/li><li>hydrocoolers<\/li><li>chillers<\/li><li>surgelazione<\/li><li>raffreddamento rapido<\/li><li>olio diatermico<\/li><li>termoidraulici<\/li><li>raffrescamento e condizionamento<\/li><li>aria compressa<\/li><li>linee di lavorazione specifiche<\/li><li>sicurezza&nbsp; fughe nh3<\/li><li>sicurezza uomo chiuso in cella<\/li><li>illuminazione d\u2019emergenza<\/li><li>rilevazione fumi<\/li><li>antincendio<\/li><li>sprinkler<\/li><li>elettrici e d\u2019automazione industriale<\/li><\/ul>\n\n\n\n<p><\/p>\n\n\n\n<p>Redazione di capitolati tecnici per tutti i tipi di macchine ed impianti gia\u2019 menzionati.<\/p>\n\n\n\n<p>Coordinamento dei lavori.<\/p>\n\n\n\n<p>Perizie tecniche e assicurative<\/p>\n\n\n\n<p>Supporto tecnico nella conduzione e nel monitoraggio dei vostri impianti in accordo conle norme della serie iso 9000; h.a.c.c.p. elaborazione di apposite procedure ed istruzioni operative.<\/p>\n\n\n\n<p>Formazione del personale di conduzione.<\/p>\n\n\n\n<p>Organizzazione e programmazione della manutenzione ordinaria e straordinaria.<\/p>\n\n\n\n<p>Studio di ristrutturazione di impianti con particolare riguardo a soluzioni per il risparmio energetico ed il rispetto dei requisiti richiesti dalle norme di sicurezza (fattibilita\u2019 ed esecutivi).<\/p>\n\n\n\n<p>Studio di aggiornamenti impiantistici volti al risparmio nei costi di conduzione e manutenzione.<\/p>\n\n\n\n<p>Studio di riconversione di impianti utilizzanti fluidi frigorigeni non piu\u2019 permessi , in accordo con regolamento europeo 2037\/2000 (salvaguardia dello strato d\u2019ozono) e per implementazioni di sistemi di rispetto ambientali iso 14001.<\/p>\n\n\n\n<p>Redazione delle documentazioni necessarie per le richieste di autorizzazione (gas tossici etc.).<\/p>\n\n\n\n<p>Progettazione di ampliamento d\u2019impianti esistenti con schemi ed esecutivi. As-built (disegni di come costruito) di impianti gia\u2019 esistenti e di cui non esiste documentazione aggiornata.<\/p>\n<\/div><\/div>\n\n\n\n<div style=\"height:15px\" aria-hidden=\"true\" class=\"wp-block-spacer\"><\/div>\n\n\n\n<div style=\"height:15px\" aria-hidden=\"true\" class=\"wp-block-spacer\"><\/div>\n\n\n\n<div class=\"wp-block-columns alignfull is-layout-flex wp-container-core-columns-is-layout-9d6595d7 wp-block-columns-is-layout-flex\">\n<div class=\"wp-block-column is-layout-flow wp-block-column-is-layout-flow\" style=\"flex-basis:310px\">\n<div class=\"wp-block-image\"><figure class=\"alignright size-full\"><a href=\"https:\/\/www.frigoparts.it\/\"><img loading=\"lazy\" decoding=\"async\" width=\"300\" height=\"80\" src=\"https:\/\/www.adriatec.com\/wp-content\/uploads\/2022\/02\/Senza-titolo-4.jpg\" alt=\"\" class=\"wp-image-184\"\/><\/a><\/figure><\/div>\n<\/div>\n\n\n\n<div class=\"wp-block-column is-layout-flow wp-block-column-is-layout-flow\">\n<div style=\"height:90px\" aria-hidden=\"true\" class=\"wp-block-spacer\"><\/div>\n<\/div>\n\n\n\n<div class=\"wp-block-column is-layout-flow wp-block-column-is-layout-flow\" style=\"flex-basis:300px\">\n<div class=\"wp-block-image\"><figure class=\"aligncenter size-large\"><img loading=\"lazy\" decoding=\"async\" width=\"1024\" height=\"224\" src=\"https:\/\/www.adriatec.com\/wp-content\/uploads\/2022\/02\/ADRIAx-1024x224.png\" alt=\"\" class=\"wp-image-174\" srcset=\"https:\/\/www.adriatec.com\/wp-content\/uploads\/2022\/02\/ADRIAx-1024x224.png 1024w, https:\/\/www.adriatec.com\/wp-content\/uploads\/2022\/02\/ADRIAx-300x66.png 300w, https:\/\/www.adriatec.com\/wp-content\/uploads\/2022\/02\/ADRIAx-768x168.png 768w, https:\/\/www.adriatec.com\/wp-content\/uploads\/2022\/02\/ADRIAx.png 1373w\" sizes=\"auto, (max-width: 1024px) 100vw, 1024px\" \/><\/figure><\/div>\n<\/div>\n\n\n\n<div class=\"wp-block-column is-layout-flow wp-block-column-is-layout-flow\">\n<div style=\"height:90px\" aria-hidden=\"true\" class=\"wp-block-spacer\"><\/div>\n<\/div>\n\n\n\n<div class=\"wp-block-column is-layout-flow wp-block-column-is-layout-flow\" style=\"flex-basis:310px\">\n<div class=\"wp-block-image\"><figure class=\"alignleft size-medium\"><a href=\"https:\/\/www.soluzionetermica.com\/\" target=\"_blank\" rel=\"noopener\"><img loading=\"lazy\" decoding=\"async\" width=\"300\" height=\"80\" src=\"https:\/\/www.adriatec.com\/wp-content\/uploads\/2022\/02\/LOGO-REGISTRATO-R_trasparente-prende-il-colore-base-dipendentemente-a-dove-lo-metti-con-effetti-1-300x80.png\" alt=\"\" class=\"wp-image-106\" srcset=\"https:\/\/www.adriatec.com\/wp-content\/uploads\/2022\/02\/LOGO-REGISTRATO-R_trasparente-prende-il-colore-base-dipendentemente-a-dove-lo-metti-con-effetti-1-300x80.png 300w, https:\/\/www.adriatec.com\/wp-content\/uploads\/2022\/02\/LOGO-REGISTRATO-R_trasparente-prende-il-colore-base-dipendentemente-a-dove-lo-metti-con-effetti-1-1024x273.png 1024w, https:\/\/www.adriatec.com\/wp-content\/uploads\/2022\/02\/LOGO-REGISTRATO-R_trasparente-prende-il-colore-base-dipendentemente-a-dove-lo-metti-con-effetti-1-768x205.png 768w, https:\/\/www.adriatec.com\/wp-content\/uploads\/2022\/02\/LOGO-REGISTRATO-R_trasparente-prende-il-colore-base-dipendentemente-a-dove-lo-metti-con-effetti-1-1536x410.png 1536w, https:\/\/www.adriatec.com\/wp-content\/uploads\/2022\/02\/LOGO-REGISTRATO-R_trasparente-prende-il-colore-base-dipendentemente-a-dove-lo-metti-con-effetti-1-2048x546.png 2048w\" sizes=\"auto, (max-width: 300px) 100vw, 300px\" \/><\/a><\/figure><\/div>\n<\/div>\n<\/div>\n\n\n\n<div class=\"wp-block-group alignfull has-white-color has-text-color has-background\" style=\"background-color:#001d3b\"><div class=\"wp-block-group__inner-container is-layout-flow wp-block-group-is-layout-flow\">\n<div style=\"height:30px\" aria-hidden=\"true\" class=\"wp-block-spacer\"><\/div>\n\n\n\n<h2 class=\"has-text-align-center wp-block-heading\" id=\"adriatec-s-n-c\" style=\"font-size:25px\">Adriatec s.n.c.<\/h2>\n\n\n\n<p class=\"has-text-align-center\">C.da Tesino, 10\/b, Ripatransone 63065 (AP) P.IVA 01656930441 <\/p>\n\n\n\n<p class=\"has-text-align-center\">Tel 0735 907069 Fax 0735 907613<\/p>\n\n\n\n<p class=\"has-text-align-center\">info@adriatec.com<\/p>\n\n\n\n<div style=\"height:30px\" aria-hidden=\"true\" class=\"wp-block-spacer\"><\/div>\n<\/div><\/div>\n","protected":false},"excerpt":{"rendered":"<p>Progettazione e Consulenza per impianti di refrigerazione industriale CHI SIAMO La nostra azienda nasce con il principale obiettivo di fornire un servizio specialistico alle aziende utenti di impianti industriali (in particolare di refrigerazione). Il nostro servizio di \u201c outsourcing \u201d specialistico \u00e8 rivolto a soddisfare le esigenze di dinamicit\u00e0 e flessibilit\u00e0&nbsp; delle aziende produttrici moderne. [&hellip;]<\/p>\n","protected":false},"author":1,"featured_media":0,"parent":0,"menu_order":0,"comment_status":"closed","ping_status":"closed","template":"elementor_theme","meta":{"footnotes":""},"class_list":["post-82","page","type-page","status-publish","hentry"],"_links":{"self":[{"href":"https:\/\/www.adriatec.com\/index.php\/wp-json\/wp\/v2\/pages\/82","targetHints":{"allow":["GET"]}}],"collection":[{"href":"https:\/\/www.adriatec.com\/index.php\/wp-json\/wp\/v2\/pages"}],"about":[{"href":"https:\/\/www.adriatec.com\/index.php\/wp-json\/wp\/v2\/types\/page"}],"author":[{"embeddable":true,"href":"https:\/\/www.adriatec.com\/index.php\/wp-json\/wp\/v2\/users\/1"}],"replies":[{"embeddable":true,"href":"https:\/\/www.adriatec.com\/index.php\/wp-json\/wp\/v2\/comments?post=82"}],"version-history":[{"count":55,"href":"https:\/\/www.adriatec.com\/index.php\/wp-json\/wp\/v2\/pages\/82\/revisions"}],"predecessor-version":[{"id":187,"href":"https:\/\/www.adriatec.com\/index.php\/wp-json\/wp\/v2\/pages\/82\/revisions\/187"}],"wp:attachment":[{"href":"https:\/\/www.adriatec.com\/index.php\/wp-json\/wp\/v2\/media?parent=82"}],"curies":[{"name":"wp","href":"https:\/\/api.w.org\/{rel}","templated":true}]}}